{"id":55,"date":"2025-08-13T10:47:38","date_gmt":"2025-08-13T10:47:38","guid":{"rendered":"https:\/\/ninatapio.com\/?page_id=55"},"modified":"2025-08-21T07:12:19","modified_gmt":"2025-08-21T07:12:19","slug":"ota-yhteytta","status":"publish","type":"page","link":"https:\/\/ninatapio.com\/index.php\/ota-yhteytta\/","title":{"rendered":"Ota yhteytt\u00e4"},"content":{"rendered":"\n<p>S\u00e4hk\u00f6postilla: nina@ninatapio.com<\/p>\n\n\n\n<p>Instagram: <a href=\"https:\/\/www.instagram.com\/ninakaroliinatapio\/\">@ninakaroliinatapio<\/a><\/p>\n\n\n\n<p>TikTok: <a href=\"https:\/\/www.tiktok.com\/search?q=nina%20tapio%20official&amp;t=1755713105183\">ninatapio<\/a><\/p>\n\n\n\n<p>Facebook: <a href=\"https:\/\/www.facebook.com\/profile.php?id=100057745146307\">Nina Tapio<\/a><\/p>\n\n\n\n<p><strong>Keikat:<\/strong><br><br><a href=\"https:\/\/piikkikasvi.fi\/ohjelmamyyja\/arttu\/\">Arttu Tolonen<\/a><br>Puh. 0440 314 444<br><a href=\"mailto:arttu.tolonen@piikkikasvi.fi\">arttu.tolonen@piikkikasvi.fi<\/a><\/p>\n\n\n\n<p><strong>Yksityistilaisuudet:<\/strong><\/p>\n\n\n\n<p>Jonna Jauhiainen<br>Puh. 040&nbsp;542 7637<br><a href=\"mailto:jonna.jauhiainen@piikkikasvi.fi\" target=\"_blank\" rel=\"noreferrer noopener\">jonna.jauhiainen@piikkikasvi.fi<\/a><\/p>\n\n\n\n<p><\/p>\n","protected":false},"excerpt":{"rendered":"<p>S\u00e4hk\u00f6postilla: nina@ninatapio.com Instagram: @ninakaroliinatapio TikTok: ninatapio Facebook: Nina Tapio Keikat: Arttu TolonenPuh. 0440 314 444arttu.tolonen@piikkikasvi.fi Yksityistilaisuudet: Jonna JauhiainenPuh. 040&nbsp;542 7637jonna.jauhiainen@piikkikasvi.fi<\/p>\n","protected":false},"author":1,"featured_media":128,"parent":0,"menu_order":0,"comment_status":"closed","ping_status":"closed","template":"","meta":{"footnotes":""},"class_list":["post-55","page","type-page","status-publish","has-post-thumbnail","hentry"],"yoast_head":"<!-- This site is optimized with the Yoast SEO plugin v24.6 - https:\/\/yoast.com\/wordpress\/plugins\/seo\/ -->\n<title>Ota yhteytt\u00e4 - Nina Tapio Official<\/title>\n<meta name=\"robots\" content=\"index, follow, max-snippet:-1, max-image-preview:large, max-video-preview:-1\" \/>\n<link rel=\"canonical\" href=\"https:\/\/ninatapio.com\/index.php\/ota-yhteytta\/\" \/>\n<meta property=\"og:locale\" content=\"fi_FI\" \/>\n<meta property=\"og:type\" content=\"article\" \/>\n<meta property=\"og:title\" content=\"Ota yhteytt\u00e4 - Nina Tapio Official\" \/>\n<meta property=\"og:description\" content=\"S\u00e4hk\u00f6postilla: nina@ninatapio.com Instagram: @ninakaroliinatapio TikTok: ninatapio Facebook: Nina Tapio Keikat: Arttu TolonenPuh. 0440 314 444arttu.tolonen@piikkikasvi.fi Yksityistilaisuudet: Jonna JauhiainenPuh. 040&nbsp;542 7637jonna.jauhiainen@piikkikasvi.fi\" \/>\n<meta property=\"og:url\" content=\"https:\/\/ninatapio.com\/index.php\/ota-yhteytta\/\" \/>\n<meta property=\"og:site_name\" content=\"Nina Tapio Official\" \/>\n<meta property=\"article:modified_time\" content=\"2025-08-21T07:12:19+00:00\" \/>\n<meta property=\"og:image\" content=\"https:\/\/ninatapio.com\/wp-content\/uploads\/2025\/08\/rajattu2-scaled.jpg\" \/>\n\t<meta property=\"og:image:width\" content=\"2560\" \/>\n\t<meta property=\"og:image:height\" content=\"1993\" \/>\n\t<meta property=\"og:image:type\" content=\"image\/jpeg\" \/>\n<meta name=\"twitter:card\" content=\"summary_large_image\" \/>\n<meta name=\"twitter:label1\" content=\"Arvioitu lukuaika\" \/>\n\t<meta name=\"twitter:data1\" content=\"1 minuutti\" \/>\n<script type=\"application\/ld+json\" class=\"yoast-schema-graph\">{\"@context\":\"https:\/\/schema.org\",\"@graph\":[{\"@type\":\"WebPage\",\"@id\":\"https:\/\/ninatapio.com\/index.php\/ota-yhteytta\/\",\"url\":\"https:\/\/ninatapio.com\/index.php\/ota-yhteytta\/\",\"name\":\"Ota yhteytt\u00e4 - Nina Tapio Official\",\"isPartOf\":{\"@id\":\"https:\/\/ninatapio.com\/#website\"},\"primaryImageOfPage\":{\"@id\":\"https:\/\/ninatapio.com\/index.php\/ota-yhteytta\/#primaryimage\"},\"image\":{\"@id\":\"https:\/\/ninatapio.com\/index.php\/ota-yhteytta\/#primaryimage\"},\"thumbnailUrl\":\"https:\/\/ninatapio.com\/wp-content\/uploads\/2025\/08\/rajattu2-scaled.jpg\",\"datePublished\":\"2025-08-13T10:47:38+00:00\",\"dateModified\":\"2025-08-21T07:12:19+00:00\",\"breadcrumb\":{\"@id\":\"https:\/\/ninatapio.com\/index.php\/ota-yhteytta\/#breadcrumb\"},\"inLanguage\":\"fi\",\"potentialAction\":[{\"@type\":\"ReadAction\",\"target\":[\"https:\/\/ninatapio.com\/index.php\/ota-yhteytta\/\"]}]},{\"@type\":\"ImageObject\",\"inLanguage\":\"fi\",\"@id\":\"https:\/\/ninatapio.com\/index.php\/ota-yhteytta\/#primaryimage\",\"url\":\"https:\/\/ninatapio.com\/wp-content\/uploads\/2025\/08\/rajattu2-scaled.jpg\",\"contentUrl\":\"https:\/\/ninatapio.com\/wp-content\/uploads\/2025\/08\/rajattu2-scaled.jpg\",\"width\":2560,\"height\":1993},{\"@type\":\"BreadcrumbList\",\"@id\":\"https:\/\/ninatapio.com\/index.php\/ota-yhteytta\/#breadcrumb\",\"itemListElement\":[{\"@type\":\"ListItem\",\"position\":1,\"name\":\"Etusivu\",\"item\":\"https:\/\/ninatapio.com\/\"},{\"@type\":\"ListItem\",\"position\":2,\"name\":\"Ota yhteytt\u00e4\"}]},{\"@type\":\"WebSite\",\"@id\":\"https:\/\/ninatapio.com\/#website\",\"url\":\"https:\/\/ninatapio.com\/\",\"name\":\"Nina Tapio Official\",\"description\":\"Laulaja Nina Tapion esittely, keikkakalenteri ja yhteydenotto\",\"potentialAction\":[{\"@type\":\"SearchAction\",\"target\":{\"@type\":\"EntryPoint\",\"urlTemplate\":\"https:\/\/ninatapio.com\/?s={search_term_string}\"},\"query-input\":{\"@type\":\"PropertyValueSpecification\",\"valueRequired\":true,\"valueName\":\"search_term_string\"}}],\"inLanguage\":\"fi\"}]}<\/script>\n<!-- \/ Yoast SEO plugin. -->","yoast_head_json":{"title":"Ota yhteytt\u00e4 - Nina Tapio Official","robots":{"index":"index","follow":"follow","max-snippet":"max-snippet:-1","max-image-preview":"max-image-preview:large","max-video-preview":"max-video-preview:-1"},"canonical":"https:\/\/ninatapio.com\/index.php\/ota-yhteytta\/","og_locale":"fi_FI","og_type":"article","og_title":"Ota yhteytt\u00e4 - Nina Tapio Official","og_description":"S\u00e4hk\u00f6postilla: nina@ninatapio.com Instagram: @ninakaroliinatapio TikTok: ninatapio Facebook: Nina Tapio Keikat: Arttu TolonenPuh. 0440 314 444arttu.tolonen@piikkikasvi.fi Yksityistilaisuudet: Jonna JauhiainenPuh. 040&nbsp;542 7637jonna.jauhiainen@piikkikasvi.fi","og_url":"https:\/\/ninatapio.com\/index.php\/ota-yhteytta\/","og_site_name":"Nina Tapio Official","article_modified_time":"2025-08-21T07:12:19+00:00","og_image":[{"width":2560,"height":1993,"url":"https:\/\/ninatapio.com\/wp-content\/uploads\/2025\/08\/rajattu2-scaled.jpg","type":"image\/jpeg"}],"twitter_card":"summary_large_image","twitter_misc":{"Arvioitu lukuaika":"1 minuutti"},"schema":{"@context":"https:\/\/schema.org","@graph":[{"@type":"WebPage","@id":"https:\/\/ninatapio.com\/index.php\/ota-yhteytta\/","url":"https:\/\/ninatapio.com\/index.php\/ota-yhteytta\/","name":"Ota yhteytt\u00e4 - Nina Tapio Official","isPartOf":{"@id":"https:\/\/ninatapio.com\/#website"},"primaryImageOfPage":{"@id":"https:\/\/ninatapio.com\/index.php\/ota-yhteytta\/#primaryimage"},"image":{"@id":"https:\/\/ninatapio.com\/index.php\/ota-yhteytta\/#primaryimage"},"thumbnailUrl":"https:\/\/ninatapio.com\/wp-content\/uploads\/2025\/08\/rajattu2-scaled.jpg","datePublished":"2025-08-13T10:47:38+00:00","dateModified":"2025-08-21T07:12:19+00:00","breadcrumb":{"@id":"https:\/\/ninatapio.com\/index.php\/ota-yhteytta\/#breadcrumb"},"inLanguage":"fi","potentialAction":[{"@type":"ReadAction","target":["https:\/\/ninatapio.com\/index.php\/ota-yhteytta\/"]}]},{"@type":"ImageObject","inLanguage":"fi","@id":"https:\/\/ninatapio.com\/index.php\/ota-yhteytta\/#primaryimage","url":"https:\/\/ninatapio.com\/wp-content\/uploads\/2025\/08\/rajattu2-scaled.jpg","contentUrl":"https:\/\/ninatapio.com\/wp-content\/uploads\/2025\/08\/rajattu2-scaled.jpg","width":2560,"height":1993},{"@type":"BreadcrumbList","@id":"https:\/\/ninatapio.com\/index.php\/ota-yhteytta\/#breadcrumb","itemListElement":[{"@type":"ListItem","position":1,"name":"Etusivu","item":"https:\/\/ninatapio.com\/"},{"@type":"ListItem","position":2,"name":"Ota yhteytt\u00e4"}]},{"@type":"WebSite","@id":"https:\/\/ninatapio.com\/#website","url":"https:\/\/ninatapio.com\/","name":"Nina Tapio Official","description":"Laulaja Nina Tapion esittely, keikkakalenteri ja yhteydenotto","potentialAction":[{"@type":"SearchAction","target":{"@type":"EntryPoint","urlTemplate":"https:\/\/ninatapio.com\/?s={search_term_string}"},"query-input":{"@type":"PropertyValueSpecification","valueRequired":true,"valueName":"search_term_string"}}],"inLanguage":"fi"}]}},"_links":{"self":[{"href":"https:\/\/ninatapio.com\/index.php\/wp-json\/wp\/v2\/pages\/55","targetHints":{"allow":["GET"]}}],"collection":[{"href":"https:\/\/ninatapio.com\/index.php\/wp-json\/wp\/v2\/pages"}],"about":[{"href":"https:\/\/ninatapio.com\/index.php\/wp-json\/wp\/v2\/types\/page"}],"author":[{"embeddable":true,"href":"https:\/\/ninatapio.com\/index.php\/wp-json\/wp\/v2\/users\/1"}],"replies":[{"embeddable":true,"href":"https:\/\/ninatapio.com\/index.php\/wp-json\/wp\/v2\/comments?post=55"}],"version-history":[{"count":8,"href":"https:\/\/ninatapio.com\/index.php\/wp-json\/wp\/v2\/pages\/55\/revisions"}],"predecessor-version":[{"id":137,"href":"https:\/\/ninatapio.com\/index.php\/wp-json\/wp\/v2\/pages\/55\/revisions\/137"}],"wp:featuredmedia":[{"embeddable":true,"href":"https:\/\/ninatapio.com\/index.php\/wp-json\/wp\/v2\/media\/128"}],"wp:attachment":[{"href":"https:\/\/ninatapio.com\/index.php\/wp-json\/wp\/v2\/media?parent=55"}],"curies":[{"name":"wp","href":"https:\/\/api.w.org\/{rel}","templated":true}]}}